{"id":64,"date":"2017-10-12T15:58:01","date_gmt":"2017-10-12T15:58:01","guid":{"rendered":"http:\/\/thietbithuyloi.com\/?page_id=64"},"modified":"2017-10-20T01:59:50","modified_gmt":"2017-10-20T01:59:50","slug":"dich-vu","status":"publish","type":"page","link":"http:\/\/thietbithuyloi.com\/en\/dich-vu\/","title":{"rendered":"(Ti\u1ebfng Vi\u1ec7t) D\u1ecbch v\u1ee5"},"content":{"rendered":"<p>[vc_row][vc_column][vc_custom_heading text=&#8221;Thi\u1ebft k\u1ebf c\u00f4ng ngh\u1ec7&#8221; font_container=&#8221;tag:h3|text_align:left&#8221; use_theme_fonts=&#8221;yes&#8221; link=&#8221;url:http%3A%2F%2Fthietbithuyloi.com%2Fdich-vu%2Fthiet-ke-cong-nghe%2F|||&#8221;][\/vc_column][\/vc_row][vc_row][vc_column width=&#8221;2\/3&#8243;][vc_single_image image=&#8221;242&#8243; img_size=&#8221;full&#8221;][vc_column_text]Western Tech s\u1eb5n s\u00e0ng t\u01b0 v\u1ea5n, gi\u1ea3i \u0111\u00e1p c\u00e1c th\u1eafc m\u1eafc v\u1ec1 x\u1eed l\u00fd n\u01b0\u1edbc c\u1ea5p v\u00e0 n\u01b0\u1edbc th\u1ea3i, n\u01b0\u1edbc t\u00e1i s\u1eed d\u1ee5ng, t\u1ea9y r\u1eeda \u0111\u01b0\u1eddng \u1ed1ng \u0111\u1ed3ng th\u1eddi \u0111\u01b0a ra c\u00e1c gi\u1ea3i ph\u00e1p c\u00f4ng ngh\u1ec7 t\u1ed1i \u01b0u cho kh\u00e1ch h\u00e0ng[\/vc_column_text][\/vc_column][\/vc_row][vc_row][vc_column][vc_custom_heading text=&#8221;L\u1eafp \u0111\u1eb7t thi\u1ebft b\u1ecb&#8221; font_container=&#8221;tag:h3|text_align:left&#8221; use_theme_fonts=&#8221;yes&#8221; link=&#8221;url:http%3A%2F%2Fthietbithuyloi.com%2Fdich-vu%2Flap-dat-thiet-bi%2F|||&#8221;][\/vc_column][\/vc_row][vc_row][vc_column width=&#8221;2\/3&#8243;][vc_single_image image=&#8221;236&#8243; img_size=&#8221;full&#8221;][vc_column_text]<\/p>\n<p style=\"text-align: left;\">Ch\u00fang t\u00f4i v\u1edbi di\u0323ch vu\u0323 l\u0103\u0301p \u0111\u0103\u0323t \u0111i\u00ea\u0323n thi\u1ebft b\u1ecb v\u1eadt t\u01b0 ng\u00e0nh n\u01b0\u01a1\u0301c chuy\u00ean nghi\u1ec7p ph\u1ee5c v\u1ee5 t\u1eadn t\u00ecnh s\u1ebd mang \u0111\u1ebfn s\u1ef1 h\u00e0i l\u00f2ng cho qu\u00fd kh\u00e1ch v\u1ec1 ch\u1ea5t l\u01b0\u1ee3ng v\u00e0 gi\u00e1 th\u00e0nh. Ch\u00fang t\u00f4i \u0111\u01b0\u1ee3c x\u00e2y d\u1ef1ng n\u00ean b\u1edfi nh\u1eefng k\u1ef9 s\u01b0 ng\u00e0nh n\u01b0\u1edbc tay ngh\u1ec1 cao v\u01a1\u0301i nhi\u1ec1u n\u0103m kinh nghi\u1ec7m, thi c\u00f4ng r\u00e2\u0301t nhi\u00ea\u0300u ca\u0301c c\u00f4ng tri\u0300nh tr\u00ean kh\u1eafp \u0111\u1ecba b\u00e0n tp HCM, H\u00e0 N\u1ed9i\u2026 v\u00e0 \u0111\u00e3 \u0111\u01b0\u1ee3c nhi\u1ec1u kh\u00e1ch h\u00e0ng \u0111\u00e1nh gi\u00e1 cao.<\/p>\n<p>[\/vc_column_text][\/vc_column][\/vc_row][vc_row][vc_column][vc_custom_heading text=&#8221;B\u1ea3o tr\u00ec s\u1eeda ch\u1eefa &#8221; font_container=&#8221;tag:h3|text_align:left&#8221; use_theme_fonts=&#8221;yes&#8221; link=&#8221;url:http%3A%2F%2Fthietbithuyloi.com%2Fdich-vu%2Fbao-tri-sua-chua%2F|||&#8221;][\/vc_column][\/vc_row][vc_row][vc_column width=&#8221;2\/3&#8243;][vc_single_image image=&#8221;242&#8243; img_size=&#8221;full&#8221;][vc_column_text]B\u1ea3o tr\u00ec v\u00e0 s\u1eeda ch\u1eefa thi\u1ebft b\u1ecb c\u01a1 kh\u00ed l\u00e0 ng\u00e0nh h\u1ebft s\u1ee9c quan tr\u1ecdng cho n\u1ec1n c\u00f4ng nghi\u1ec7p. N\u00f3 \u0111\u1ea3m b\u1ea3o cho m\u00e1y m\u00f3c, trang thi\u1ebft b\u1ecb ho\u1ea1t \u0111\u1ed9ng li\u00ean t\u1ee5c, hi\u1ec7u qu\u1ea3, \u0111\u00e1ng tin c\u1eady. Do \u0111\u00f3, b\u1ea5t k\u1ef3 c\u00f4ng ty, doanh nghi\u1ec7p n\u00e0o c\u00f3 ho\u1ea1t \u0111\u1ed9ng s\u1ea3n xu\u1ea5t \u0111\u1ec1u ph\u1ea3i c\u00f3 \u0111\u1ed9i ng\u0169 k\u1ef9 thu\u1eadt vi\u00ean b\u1ea3o tr\u00ec v\u00e0 s\u1eeda ch\u1eefa.[\/vc_column_text][\/vc_column][\/vc_row][vc_row][vc_column][\/vc_column][\/vc_row]<\/p>","protected":false},"excerpt":{"rendered":"<p>[vc_row][vc_column][vc_custom_heading text=&#8221;Thi\u1ebft k\u1ebf c\u00f4ng ngh\u1ec7&#8221; font_container=&#8221;tag:h3|text_align:left&#8221; use_theme_fonts=&#8221;yes&#8221; link=&#8221;url:http%3A%2F%2Fthietbithuyloi.com%2Fdich-vu%2Fthiet-ke-cong-nghe%2F|||&#8221;][\/vc_column][\/vc_row][vc_row][vc_column width=&#8221;2\/3&#8243;][vc_single_image image=&#8221;242&#8243; img_size=&#8221;full&#8221;][vc_column_text]Western Tech s\u1eb5n s\u00e0ng t\u01b0 v\u1ea5n, gi\u1ea3i \u0111\u00e1p c\u00e1c th\u1eafc m\u1eafc v\u1ec1 x\u1eed l\u00fd n\u01b0\u1edbc c\u1ea5p v\u00e0 n\u01b0\u1edbc th\u1ea3i, n\u01b0\u1edbc t\u00e1i s\u1eed d\u1ee5ng, t\u1ea9y r\u1eeda \u0111\u01b0\u1eddng \u1ed1ng \u0111\u1ed3ng th\u1eddi \u0111\u01b0a ra c\u00e1c gi\u1ea3i ph\u00e1p c\u00f4ng ngh\u1ec7 t\u1ed1i \u01b0u cho kh\u00e1ch h\u00e0ng[\/vc_column_text][\/vc_column][\/vc_row][vc_row][vc_column][vc_custom_heading text=&#8221;L\u1eafp \u0111\u1eb7t thi\u1ebft b\u1ecb&#8221; [&hellip;]<\/p>\n","protected":false},"author":1,"featured_media":0,"parent":0,"menu_order":0,"comment_status":"closed","ping_status":"closed","template":"","meta":{"amp_status":"","footnotes":""},"class_list":["post-64","page","type-page","status-publish","hentry"],"_links":{"self":[{"href":"http:\/\/thietbithuyloi.com\/en\/wp-json\/wp\/v2\/pages\/64","targetHints":{"allow":["GET"]}}],"collection":[{"href":"http:\/\/thietbithuyloi.com\/en\/wp-json\/wp\/v2\/pages"}],"about":[{"href":"http:\/\/thietbithuyloi.com\/en\/wp-json\/wp\/v2\/types\/page"}],"author":[{"embeddable":true,"href":"http:\/\/thietbithuyloi.com\/en\/wp-json\/wp\/v2\/users\/1"}],"replies":[{"embeddable":true,"href":"http:\/\/thietbithuyloi.com\/en\/wp-json\/wp\/v2\/comments?post=64"}],"version-history":[{"count":20,"href":"http:\/\/thietbithuyloi.com\/en\/wp-json\/wp\/v2\/pages\/64\/revisions"}],"predecessor-version":[{"id":260,"href":"http:\/\/thietbithuyloi.com\/en\/wp-json\/wp\/v2\/pages\/64\/revisions\/260"}],"wp:attachment":[{"href":"http:\/\/thietbithuyloi.com\/en\/wp-json\/wp\/v2\/media?parent=64"}],"curies":[{"name":"wp","href":"https:\/\/api.w.org\/{rel}","templated":true}]}}