{"id":452,"date":"2018-06-18T02:33:01","date_gmt":"2018-06-18T02:33:01","guid":{"rendered":"http:\/\/thietbithuyloi.com\/?post_type=product&#038;p=452"},"modified":"2018-06-18T02:33:01","modified_gmt":"2018-06-18T02:33:01","slug":"bo-chuyen-dong-da-vong-modun-sa-va-sar","status":"publish","type":"product","link":"http:\/\/thietbithuyloi.com\/en\/san-pham\/bo-chuyen-dong-da-vong-modun-sa-va-sar\/","title":{"rendered":"(Ti\u1ebfng Vi\u1ec7t) B\u1ed9 chuy\u1ec3n \u0111\u1ed9ng \u0111a v\u00f2ng modun SA v\u00e0 SAR"},"content":{"rendered":"<p class=\"qtranxs-available-languages-message qtranxs-available-languages-message-en\">Sorry, this entry is only available in <a href=\"http:\/\/thietbithuyloi.com\/vi\/wp-json\/wp\/v2\/product\/452\" class=\"qtranxs-available-language-link qtranxs-available-language-link-vi\" title=\"Ti\u1ebfng Vi\u1ec7t\">Ti\u1ebfng Vi\u1ec7t<\/a>.<\/p>","protected":false},"excerpt":{"rendered":"<p>Sorry, this entry is only available in Ti\u1ebfng Vi\u1ec7t.<\/p>\n","protected":false},"featured_media":453,"comment_status":"open","ping_status":"closed","template":"","meta":{"amp_status":""},"class_list":{"0":"post-452","1":"product","2":"type-product","3":"status-publish","4":"has-post-thumbnail","6":"product_cat-phu-kien","7":"product_tag-bo-chuyen-dong-da-vong","9":"first","10":"instock","11":"shipping-taxable","12":"product-type-simple"},"_links":{"self":[{"href":"http:\/\/thietbithuyloi.com\/en\/wp-json\/wp\/v2\/product\/452","targetHints":{"allow":["GET"]}}],"collection":[{"href":"http:\/\/thietbithuyloi.com\/en\/wp-json\/wp\/v2\/product"}],"about":[{"href":"http:\/\/thietbithuyloi.com\/en\/wp-json\/wp\/v2\/types\/product"}],"replies":[{"embeddable":true,"href":"http:\/\/thietbithuyloi.com\/en\/wp-json\/wp\/v2\/comments?post=452"}],"wp:featuredmedia":[{"embeddable":true,"href":"http:\/\/thietbithuyloi.com\/en\/wp-json\/wp\/v2\/media\/453"}],"wp:attachment":[{"href":"http:\/\/thietbithuyloi.com\/en\/wp-json\/wp\/v2\/media?parent=452"}],"curies":[{"name":"wp","href":"https:\/\/api.w.org\/{rel}","templated":true}]}}