{"id":896,"date":"2024-08-30T08:16:20","date_gmt":"2024-08-30T08:16:20","guid":{"rendered":"https:\/\/thietbithuyloi.com\/?post_type=product&#038;p=896"},"modified":"2024-09-19T08:28:48","modified_gmt":"2024-09-19T08:28:48","slug":"van-ngan-mui-hdpe-duong-kinh-dn315mm-giai-phap-ve-sinh-toan-dien-cho-thong-thoat-nuoc-quy-mo-lon","status":"publish","type":"product","link":"http:\/\/thietbithuyloi.com\/en\/san-pham\/van-ngan-mui-hdpe-duong-kinh-dn315mm-giai-phap-ve-sinh-toan-dien-cho-thong-thoat-nuoc-quy-mo-lon\/","title":{"rendered":"(Ti\u1ebfng Vi\u1ec7t) Van Ng\u0103n M\u00f9i HDPE \u0110\u01b0\u1eddng K\u00ednh DN315mm"},"content":{"rendered":"<p class=\"qtranxs-available-languages-message qtranxs-available-languages-message-en\">Sorry, this entry is only available in <a href=\"http:\/\/thietbithuyloi.com\/vi\/wp-json\/wp\/v2\/product\/896\" class=\"qtranxs-available-language-link qtranxs-available-language-link-vi\" title=\"Ti\u1ebfng Vi\u1ec7t\">Ti\u1ebfng Vi\u1ec7t<\/a>.<\/p>","protected":false},"excerpt":{"rendered":"<p class=\"qtranxs-available-languages-message qtranxs-available-languages-message-en\">Sorry, this entry is only available in <a href=\"http:\/\/thietbithuyloi.com\/vi\/wp-json\/wp\/v2\/product\/896\" class=\"qtranxs-available-language-link qtranxs-available-language-link-vi\" title=\"Ti\u1ebfng Vi\u1ec7t\">Ti\u1ebfng Vi\u1ec7t<\/a>.<\/p>\n","protected":false},"featured_media":897,"comment_status":"open","ping_status":"closed","template":"","meta":{"amp_status":""},"class_list":{"0":"post-896","1":"product","2":"type-product","3":"status-publish","4":"has-post-thumbnail","6":"product_cat-van-cua-lat","7":"product_cat-van-ngan-mui","8":"product_tag-hdpe","9":"product_tag-van-ngan-mui","10":"product_tag-van-ngan-mui-hdpe","12":"first","13":"instock","14":"shipping-taxable","15":"product-type-simple"},"_links":{"self":[{"href":"http:\/\/thietbithuyloi.com\/en\/wp-json\/wp\/v2\/product\/896","targetHints":{"allow":["GET"]}}],"collection":[{"href":"http:\/\/thietbithuyloi.com\/en\/wp-json\/wp\/v2\/product"}],"about":[{"href":"http:\/\/thietbithuyloi.com\/en\/wp-json\/wp\/v2\/types\/product"}],"replies":[{"embeddable":true,"href":"http:\/\/thietbithuyloi.com\/en\/wp-json\/wp\/v2\/comments?post=896"}],"wp:featuredmedia":[{"embeddable":true,"href":"http:\/\/thietbithuyloi.com\/en\/wp-json\/wp\/v2\/media\/897"}],"wp:attachment":[{"href":"http:\/\/thietbithuyloi.com\/en\/wp-json\/wp\/v2\/media?parent=896"}],"curies":[{"name":"wp","href":"https:\/\/api.w.org\/{rel}","templated":true}]}}