{"id":903,"date":"2024-09-06T06:52:25","date_gmt":"2024-09-06T06:52:25","guid":{"rendered":"https:\/\/thietbithuyloi.com\/?post_type=product&#038;p=903"},"modified":"2024-09-19T08:29:59","modified_gmt":"2024-09-19T08:29:59","slug":"van-ngan-mui-hdpe-duong-kinh-dn400mm-giai-phap-toi-uu-cho-thong-xu-ly-nuoc-thai-cong-nghiep-2","status":"publish","type":"product","link":"http:\/\/thietbithuyloi.com\/en\/san-pham\/van-ngan-mui-hdpe-duong-kinh-dn400mm-giai-phap-toi-uu-cho-thong-xu-ly-nuoc-thai-cong-nghiep-2\/","title":{"rendered":"(Ti\u1ebfng Vi\u1ec7t) Van Ng\u0103n M\u00f9i HDPE \u0110\u01b0\u1eddng K\u00ednh DN400mm"},"content":{"rendered":"<p class=\"qtranxs-available-languages-message qtranxs-available-languages-message-en\">Sorry, this entry is only available in <a href=\"http:\/\/thietbithuyloi.com\/vi\/wp-json\/wp\/v2\/product\/903\" class=\"qtranxs-available-language-link qtranxs-available-language-link-vi\" title=\"Ti\u1ebfng Vi\u1ec7t\">Ti\u1ebfng Vi\u1ec7t<\/a>.<\/p>","protected":false},"excerpt":{"rendered":"<p class=\"qtranxs-available-languages-message qtranxs-available-languages-message-en\">Sorry, this entry is only available in <a href=\"http:\/\/thietbithuyloi.com\/vi\/wp-json\/wp\/v2\/product\/903\" class=\"qtranxs-available-language-link qtranxs-available-language-link-vi\" title=\"Ti\u1ebfng Vi\u1ec7t\">Ti\u1ebfng Vi\u1ec7t<\/a>.<\/p>\n","protected":false},"featured_media":899,"comment_status":"open","ping_status":"closed","template":"","meta":{"amp_status":""},"class_list":{"0":"post-903","1":"product","2":"type-product","3":"status-publish","4":"has-post-thumbnail","6":"product_cat-van-cua-lat","7":"product_cat-van-ngan-mui","8":"product_tag-van-ngan-mui","9":"product_tag-van-ngan-mui-hdpe","11":"first","12":"instock","13":"shipping-taxable","14":"product-type-simple"},"_links":{"self":[{"href":"http:\/\/thietbithuyloi.com\/en\/wp-json\/wp\/v2\/product\/903","targetHints":{"allow":["GET"]}}],"collection":[{"href":"http:\/\/thietbithuyloi.com\/en\/wp-json\/wp\/v2\/product"}],"about":[{"href":"http:\/\/thietbithuyloi.com\/en\/wp-json\/wp\/v2\/types\/product"}],"replies":[{"embeddable":true,"href":"http:\/\/thietbithuyloi.com\/en\/wp-json\/wp\/v2\/comments?post=903"}],"wp:featuredmedia":[{"embeddable":true,"href":"http:\/\/thietbithuyloi.com\/en\/wp-json\/wp\/v2\/media\/899"}],"wp:attachment":[{"href":"http:\/\/thietbithuyloi.com\/en\/wp-json\/wp\/v2\/media?parent=903"}],"curies":[{"name":"wp","href":"https:\/\/api.w.org\/{rel}","templated":true}]}}